{"id":10777,"date":"2019-10-30T00:21:08","date_gmt":"2019-10-30T00:21:08","guid":{"rendered":"http:\/\/www.jrcomponentes.cl\/?page_id=10777"},"modified":"2020-09-28T20:14:42","modified_gmt":"2020-09-28T20:14:42","slug":"servicio-tecnico-2","status":"publish","type":"page","link":"https:\/\/www.mccomponentes.cl\/index.php\/servicio-tecnico-2\/","title":{"rendered":"Servicio T\u00e9cnico"},"content":{"rendered":"<div class=\"limit-wrapper\"><div class=\"row \"><div class=\"wpv-grid grid-1-1  wpv-first-level first unextended has-extended-padding\" style=\"padding-top:0.05px;padding-bottom:0.05px;\" id=\"wpv-column-4e52cbe3ed6d16e87da7f14639a23a35\" ><div class=\"row \"><div class=\"wpv-grid grid-1-1  first unextended no-extended-padding\" style=\"padding-top:0.05px;padding-bottom:0.05px;\" id=\"wpv-column-3edff59392a340c10e92f5182ee293e8\" ><h2 style=\"text-align: center;\">Reparaci\u00f3n y Mantenci\u00f3n de Equipos<\/h2>\n<p style=\"text-align: center; padding: 5%; line-height: 200%;\"><strong>MC Componentes<\/strong> cuenta con servicio de <strong>Reparaci\u00f3n y Mantenci\u00f3n<\/strong> de una amplia gama de herramientas, hidr\u00e1ulicas,\u00a0neum\u00e1ticas, el\u00e9ctricas y electr\u00f3nicas. Nuestros principales clientes son empresas <strong>mineras, industriales, forestales<\/strong> entre otras.<\/div><\/div>\n<div class=\"row \"><div class=\"wpv-grid grid-2-5  first unextended animation-from-bottom animated-active no-extended-padding\" style=\"padding-top:0.05px;padding-bottom:0.05px;\" id=\"wpv-column-e588e2afff71647286685a1bffe1594e\" ><p style=\"text-align: center;\">Un equipo multidisciplinario trabaja minuciosamente en la evaluaci\u00f3n de cada equipo, entregando un informe t\u00e9cnico y\u00a0posteriormente una certificaci\u00f3n de las herramientas reparadas.<\/p>\n<p style=\"text-align: center;\">Nuestra pol\u00edtica es siempre utilizar repuesto originales de las marcas que atendemos, de esta forma entregamos seguridad y garant\u00eda de operaci\u00f3n a nuestros clientes.<\/p>\n<p style=\"text-align: center;\"><strong>Reparamos:<\/strong><\/p>\n<p style=\"text-align: center;\">\u00b0 Herramientas de Torque.<\/p>\n<p style=\"text-align: center;\">\u00b0 Herramientas Hidr\u00e1ulicas.<\/p>\n<p style=\"text-align: center;\">\u00b0 Equipos de levante.<\/p>\n<p style=\"text-align: center;\">\u00b0 Llaves de impacto entre otros.<\/p>\n<p><img loading=\"lazy\" class=\"wp-image-11140 size-medium aligncenter\" src=\"http:\/\/www.mccomponentes.cl\/wp-content\/uploads\/2020\/09\/antes-y-despues-1-300x265.png\" alt=\"\" width=\"300\" height=\"265\" srcset=\"https:\/\/www.mccomponentes.cl\/wp-content\/uploads\/2020\/09\/antes-y-despues-1-300x265.png 300w, https:\/\/www.mccomponentes.cl\/wp-content\/uploads\/2020\/09\/antes-y-despues-1-400x354.png 400w, https:\/\/www.mccomponentes.cl\/wp-content\/uploads\/2020\/09\/antes-y-despues-1-292x258.png 292w, https:\/\/www.mccomponentes.cl\/wp-content\/uploads\/2020\/09\/antes-y-despues-1.png 426w\" sizes=\"(max-width: 300px) 100vw, 300px\" \/><\/div>\n<div class=\"wpv-grid grid-3-5  unextended no-extended-padding\" style=\"padding-top:0.05px;padding-bottom:0.05px;\" id=\"wpv-column-014f60726da9c00e4a741bb4a4cc2ade\" >\n<div id=\"rev_slider_12_1_wrapper\" class=\"rev_slider_wrapper fullwidthbanner-container\" data-source=\"gallery\" style=\"margin:0px auto;background:transparent;padding:0px;margin-top:0px;margin-bottom:0px;\">\n<!-- START REVOLUTION SLIDER 5.4.7.1 auto mode -->\n\t<div id=\"rev_slider_12_1\" class=\"rev_slider fullwidthabanner\" style=\"display:none;\" data-version=\"5.4.7.1\">\n<ul>\t<!-- SLIDE  -->\n\t<li data-index=\"rs-77\" data-transition=\"fade\" data-slotamount=\"default\" data-hideafterloop=\"0\" data-hideslideonmobile=\"off\"  data-easein=\"default\" data-easeout=\"default\" data-masterspeed=\"300\"  data-thumb=\"https:\/\/www.mccomponentes.cl\/wp-content\/uploads\/2019\/12\/Taller-1-1260x945-100x50.jpg\"  data-rotate=\"0\"  data-saveperformance=\"off\"  data-title=\"Slide\" data-param1=\"\" data-param2=\"\" data-param3=\"\" data-param4=\"\" data-param5=\"\" data-param6=\"\" data-param7=\"\" data-param8=\"\" data-param9=\"\" data-param10=\"\" data-description=\"\">\n\t\t<!-- MAIN IMAGE -->\n\t\t<img src=\"https:\/\/www.mccomponentes.cl\/wp-content\/uploads\/2019\/12\/Taller-1-1260x945.jpg\"  alt=\"\" title=\"Taller 1\"  width=\"1260\" height=\"945\" data-bgposition=\"center center\" data-bgfit=\"cover\" data-bgrepeat=\"no-repeat\" class=\"rev-slidebg\" data-no-retina>\n\t\t<!-- LAYERS -->\n\t<\/li>\n\t<!-- SLIDE  -->\n\t<li data-index=\"rs-78\" data-transition=\"fade\" data-slotamount=\"7\" data-hideafterloop=\"0\" data-hideslideonmobile=\"off\"  data-easein=\"default\" data-easeout=\"default\" data-masterspeed=\"300\"  data-thumb=\"https:\/\/www.mccomponentes.cl\/wp-content\/uploads\/2019\/12\/Taller-2-100x50.jpg\"  data-rotate=\"0\"  data-saveperformance=\"off\"  data-title=\"Slide\" data-param1=\"\" data-param2=\"\" data-param3=\"\" data-param4=\"\" data-param5=\"\" data-param6=\"\" data-param7=\"\" data-param8=\"\" data-param9=\"\" data-param10=\"\" data-description=\"\">\n\t\t<!-- MAIN IMAGE -->\n\t\t<img src=\"https:\/\/www.mccomponentes.cl\/wp-content\/uploads\/2019\/12\/Taller-2.jpg\"  alt=\"\" title=\"Taller 2\"  width=\"1260\" height=\"709\" data-bgposition=\"center center\" data-bgfit=\"cover\" data-bgrepeat=\"no-repeat\" class=\"rev-slidebg\" data-no-retina>\n\t\t<!-- LAYERS -->\n\t<\/li>\n<\/ul>\n<script>var htmlDiv = document.getElementById(\"rs-plugin-settings-inline-css\"); var htmlDivCss=\"\";\n\t\t\t\t\t\tif(htmlDiv) {\n\t\t\t\t\t\t\thtmlDiv.innerHTML = htmlDiv.innerHTML + htmlDivCss;\n\t\t\t\t\t\t}else{\n\t\t\t\t\t\t\tvar htmlDiv = document.createElement(\"div\");\n\t\t\t\t\t\t\thtmlDiv.innerHTML = \"<style>\" + htmlDivCss + \"<\/style>\";\n\t\t\t\t\t\t\tdocument.getElementsByTagName(\"head\")[0].appendChild(htmlDiv.childNodes[0]);\n\t\t\t\t\t\t}\n\t\t\t\t\t<\/script>\n<div class=\"tp-bannertimer\" style=\"height: 5px; background: rgba(0,0,0,0.15);\"><\/div>\t<\/div>\n<script>var htmlDiv = document.getElementById(\"rs-plugin-settings-inline-css\"); var htmlDivCss=\"\";\n\t\t\t\tif(htmlDiv) {\n\t\t\t\t\thtmlDiv.innerHTML = htmlDiv.innerHTML + htmlDivCss;\n\t\t\t\t}else{\n\t\t\t\t\tvar htmlDiv = document.createElement(\"div\");\n\t\t\t\t\thtmlDiv.innerHTML = \"<style>\" + htmlDivCss + \"<\/style>\";\n\t\t\t\t\tdocument.getElementsByTagName(\"head\")[0].appendChild(htmlDiv.childNodes[0]);\n\t\t\t\t}\n\t\t\t<\/script>\n\t\t<script type=\"text\/javascript\">\nif (setREVStartSize!==undefined) setREVStartSize(\n\t{c: '#rev_slider_12_1', gridwidth: [1240], gridheight: [868], sliderLayout: 'auto'});\n\t\t\t\nvar revapi12,\n\ttpj;\t\n(function() {\t\t\t\n\tif (!\/loaded|interactive|complete\/.test(document.readyState)) document.addEventListener(\"DOMContentLoaded\",onLoad)\n\t\telse\n\tonLoad();\n\t\n\tfunction onLoad() {\t\t\t\t\n\t\tif (tpj===undefined) {\n\t\t\ttpj = jQuery;\n\n\t\t\tif(\"off\" == \"on\") tpj.noConflict();\t\t\n\t\t}\n\tif(tpj(\"#rev_slider_12_1\").revolution == undefined){\n\t\trevslider_showDoubleJqueryError(\"#rev_slider_12_1\");\n\t}else{\n\t\trevapi12 = tpj(\"#rev_slider_12_1\").show().revolution({\n\t\t\tsliderType:\"standard\",\n\t\t\tjsFileLocation:\"\/\/www.mccomponentes.cl\/wp-content\/plugins\/revslider\/public\/assets\/js\/\",\n\t\t\tsliderLayout:\"auto\",\n\t\t\tdottedOverlay:\"none\",\n\t\t\tdelay:9000,\n\t\t\tnavigation: {\n\t\t\t\tkeyboardNavigation:\"off\",\n\t\t\t\tkeyboard_direction: \"horizontal\",\n\t\t\t\tmouseScrollNavigation:\"off\",\n \t\t\t\t\t\t\tmouseScrollReverse:\"default\",\n\t\t\t\tonHoverStop:\"off\",\n\t\t\t\tarrows: {\n\t\t\t\t\tstyle:\"hesperiden\",\n\t\t\t\t\tenable:true,\n\t\t\t\t\thide_onmobile:false,\n\t\t\t\t\thide_onleave:false,\n\t\t\t\t\ttmp:'',\n\t\t\t\t\tleft: {\n\t\t\t\t\t\th_align:\"left\",\n\t\t\t\t\t\tv_align:\"center\",\n\t\t\t\t\t\th_offset:20,\n\t\t\t\t\t\tv_offset:0\n\t\t\t\t\t},\n\t\t\t\t\tright: {\n\t\t\t\t\t\th_align:\"right\",\n\t\t\t\t\t\tv_align:\"center\",\n\t\t\t\t\t\th_offset:20,\n\t\t\t\t\t\tv_offset:0\n\t\t\t\t\t}\n\t\t\t\t}\n\t\t\t\t,\n\t\t\t\tbullets: {\n\t\t\t\t\tenable:true,\n\t\t\t\t\thide_onmobile:false,\n\t\t\t\t\tstyle:\"hesperiden\",\n\t\t\t\t\thide_onleave:false,\n\t\t\t\t\tdirection:\"horizontal\",\n\t\t\t\t\th_align:\"center\",\n\t\t\t\t\tv_align:\"bottom\",\n\t\t\t\t\th_offset:0,\n\t\t\t\t\tv_offset:20,\n\t\t\t\t\tspace:5,\n\t\t\t\t\ttmp:''\n\t\t\t\t}\n\t\t\t},\n\t\t\tvisibilityLevels:[1240,1024,778,480],\n\t\t\tgridwidth:1240,\n\t\t\tgridheight:868,\n\t\t\tlazyType:\"none\",\n\t\t\tshadow:0,\n\t\t\tspinner:\"spinner0\",\n\t\t\tstopLoop:\"off\",\n\t\t\tstopAfterLoops:-1,\n\t\t\tstopAtSlide:-1,\n\t\t\tshuffle:\"off\",\n\t\t\tautoHeight:\"off\",\n\t\t\thideThumbsOnMobile:\"off\",\n\t\t\thideSliderAtLimit:0,\n\t\t\thideCaptionAtLimit:0,\n\t\t\thideAllCaptionAtLilmit:0,\n\t\t\tdebugMode:false,\n\t\t\tfallbacks: {\n\t\t\t\tsimplifyAll:\"off\",\n\t\t\t\tnextSlideOnWindowFocus:\"off\",\n\t\t\t\tdisableFocusListener:false,\n\t\t\t}\n\t\t});\n\t}; \/* END OF revapi call *\/\n\t\n }; \/* END OF ON LOAD FUNCTION *\/\n}()); \/* END OF WRAPPING FUNCTION *\/\n<\/script>\n\t\t<script>\n\t\t\t\t\tvar htmlDivCss = unescape(\".hesperiden.tparrows%20%7B%0A%09cursor%3Apointer%3B%0A%09background%3Argba%280%2C0%2C0%2C0.5%29%3B%0A%09width%3A40px%3B%0A%09height%3A40px%3B%0A%09position%3Aabsolute%3B%0A%09display%3Ablock%3B%0A%09z-index%3A100%3B%0A%20%20%20%20border-radius%3A%2050%25%3B%0A%7D%0A.hesperiden.tparrows%3Ahover%20%7B%0A%09background%3Argba%280%2C%200%2C%200%2C%201%29%3B%0A%7D%0A.hesperiden.tparrows%3Abefore%20%7B%0A%09font-family%3A%20%22revicons%22%3B%0A%09font-size%3A20px%3B%0A%09color%3Argb%28255%2C%20255%2C%20255%29%3B%0A%09display%3Ablock%3B%0A%09line-height%3A%2040px%3B%0A%09text-align%3A%20center%3B%0A%7D%0A.hesperiden.tparrows.tp-leftarrow%3Abefore%20%7B%0A%09content%3A%20%22%5Ce82c%22%3B%0A%20%20%20%20margin-left%3A-3px%3B%0A%7D%0A.hesperiden.tparrows.tp-rightarrow%3Abefore%20%7B%0A%09content%3A%20%22%5Ce82d%22%3B%0A%20%20%20%20margin-right%3A-3px%3B%0A%7D%0A.hesperiden.tp-bullets%20%7B%0A%7D%0A.hesperiden.tp-bullets%3Abefore%20%7B%0A%09content%3A%22%20%22%3B%0A%09position%3Aabsolute%3B%0A%09width%3A100%25%3B%0A%09height%3A100%25%3B%0A%09background%3Atransparent%3B%0A%09padding%3A10px%3B%0A%09margin-left%3A-10px%3Bmargin-top%3A-10px%3B%0A%09box-sizing%3Acontent-box%3B%0A%20%20%20border-radius%3A8px%3B%0A%20%20%0A%7D%0A.hesperiden%20.tp-bullet%20%7B%0A%09width%3A12px%3B%0A%09height%3A12px%3B%0A%09position%3Aabsolute%3B%0A%09background%3A%20rgb%28153%2C%20153%2C%20153%29%3B%20%2F%2A%20old%20browsers%20%2A%2F%0A%20%20%20%20background%3A%20-moz-linear-gradient%28top%2C%20%20rgb%28153%2C%20153%2C%20153%29%200%25%2C%20rgb%28225%2C%20225%2C%20225%29%20100%25%29%3B%20%2F%2A%20ff3.6%2B%20%2A%2F%0A%20%20%20%20background%3A%20-webkit-linear-gradient%28top%2C%20%20rgb%28153%2C%20153%2C%20153%29%200%25%2Crgb%28225%2C%20225%2C%20225%29%20100%25%29%3B%20%2F%2A%20chrome10%2B%2Csafari5.1%2B%20%2A%2F%0A%20%20%20%20background%3A%20-o-linear-gradient%28top%2C%20%20rgb%28153%2C%20153%2C%20153%29%200%25%2Crgb%28225%2C%20225%2C%20225%29%20100%25%29%3B%20%2F%2A%20opera%2011.10%2B%20%2A%2F%0A%20%20%20%20background%3A%20-ms-linear-gradient%28top%2C%20%20rgb%28153%2C%20153%2C%20153%29%200%25%2Crgb%28225%2C%20225%2C%20225%29%20100%25%29%3B%20%2F%2A%20ie10%2B%20%2A%2F%0A%20%20%20%20background%3A%20linear-gradient%28to%20bottom%2C%20%20rgb%28153%2C%20153%2C%20153%29%200%25%2Crgb%28225%2C%20225%2C%20225%29%20100%25%29%3B%20%2F%2A%20w3c%20%2A%2F%0A%20%20%20%20filter%3A%20progid%3Adximagetransform.microsoft.gradient%28%20%0A%20%20%20%20startcolorstr%3D%22rgb%28153%2C%20153%2C%20153%29%22%2C%20endcolorstr%3D%22rgb%28225%2C%20225%2C%20225%29%22%2Cgradienttype%3D0%20%29%3B%20%2F%2A%20ie6-9%20%2A%2F%0A%09border%3A3px%20solid%20rgb%28229%2C%20229%2C%20229%29%3B%0A%09border-radius%3A50%25%3B%0A%09cursor%3A%20pointer%3B%0A%09box-sizing%3Acontent-box%3B%0A%7D%0A.hesperiden%20.tp-bullet%3Ahover%2C%0A.hesperiden%20.tp-bullet.selected%20%7B%0A%09background%3Argb%28102%2C%20102%2C%20102%29%3B%0A%7D%0A.hesperiden%20.tp-bullet-image%20%7B%0A%7D%0A.hesperiden%20.tp-bullet-title%20%7B%0A%7D%0A%0A\");\n\t\t\t\t\tvar htmlDiv = document.getElementById('rs-plugin-settings-inline-css');\n\t\t\t\t\tif(htmlDiv) {\n\t\t\t\t\t\thtmlDiv.innerHTML = htmlDiv.innerHTML + htmlDivCss;\n\t\t\t\t\t}\n\t\t\t\t\telse{\n\t\t\t\t\t\tvar htmlDiv = document.createElement('div');\n\t\t\t\t\t\thtmlDiv.innerHTML = '<style>' + htmlDivCss + '<\/style>';\n\t\t\t\t\t\tdocument.getElementsByTagName('head')[0].appendChild(htmlDiv.childNodes[0]);\n\t\t\t\t\t}\n\t\t\t\t  <\/script>\n\t\t\t\t<\/div><!-- END REVOLUTION SLIDER --><\/div><\/div><\/div><\/div><\/div>\n<div class=\"limit-wrapper\"><div class=\"sep\"><\/div><\/div>\n<div class=\"limit-wrapper\"><div class=\"row \"><div class=\"wpv-grid grid-1-1  wpv-first-level first unextended has-extended-padding\" style=\"padding-top:0.05px;padding-bottom:0.05px;\" id=\"wpv-column-1fc37d6f6228debc3bedf3bc1a1db8c2\" >\t\t<h2 class=\"text-divider-double\">\t\t\tCertificaciones\t\t<\/h2>\t\t<div class=\"sep\"><\/div>\t<div class=\"row \"><div class=\"wpv-grid grid-1-3  first unextended animation-from-bottom animated-active no-extended-padding\" style=\"padding-top:0.05px;padding-bottom:0.05px;\" id=\"wpv-column-32b7ae0ac4fbe70f1519f29830488261\" ><p style=\"text-align: center;\"><img loading=\"lazy\" class=\"size-medium wp-image-10540 aligncenter\" src=\"https:\/\/mccomponentes.cl\/wp-content\/uploads\/2019\/10\/3arm_nigga-300x245.png\" alt=\"\" width=\"300\" height=\"245\" srcset=\"https:\/\/www.mccomponentes.cl\/wp-content\/uploads\/2019\/10\/3arm_nigga-300x245.png 300w, https:\/\/www.mccomponentes.cl\/wp-content\/uploads\/2019\/10\/3arm_nigga-360x294.png 360w, https:\/\/www.mccomponentes.cl\/wp-content\/uploads\/2019\/10\/3arm_nigga-262x214.png 262w, https:\/\/www.mccomponentes.cl\/wp-content\/uploads\/2019\/10\/3arm_nigga.png 372w\" sizes=\"(max-width: 300px) 100vw, 300px\" \/><\/p>\n<p style=\"text-align: center;\"><a href=\"https:\/\/mccomponentes.cl\/wp-content\/uploads\/2019\/10\/CERTIFICADO-TECNOSPIRO.pdf\" target=\"_self\" style='font-size: 16px;' class=\"vamtam-button accent1  button-filled hover-accent1 \"><span class=\"btext\" data-text=\"Descarga\">Descarga<\/span><\/a><\/div>\n<div class=\"wpv-grid grid-1-3  unextended animation-from-bottom animated-active no-extended-padding\" style=\"padding-top:0.05px;padding-bottom:0.05px;\" id=\"wpv-column-37fd59b6d0caee7d956570c4ef86b439\" ><p style=\"text-align: center;\"><img loading=\"lazy\" class=\"size-medium wp-image-10284 aligncenter\" src=\"https:\/\/mccomponentes.cl\/wp-content\/uploads\/2018\/12\/rad_repre-300x247.png\" alt=\"\" width=\"300\" height=\"247\" srcset=\"https:\/\/www.mccomponentes.cl\/wp-content\/uploads\/2018\/12\/rad_repre-300x247.png 300w, https:\/\/www.mccomponentes.cl\/wp-content\/uploads\/2018\/12\/rad_repre-360x296.png 360w, https:\/\/www.mccomponentes.cl\/wp-content\/uploads\/2018\/12\/rad_repre-262x216.png 262w, https:\/\/www.mccomponentes.cl\/wp-content\/uploads\/2018\/12\/rad_repre.png 372w\" sizes=\"(max-width: 300px) 100vw, 300px\" \/><\/p>\n<p style=\"text-align: center;\"><a href=\"https:\/\/mccomponentes.cl\/wp-content\/uploads\/2019\/10\/CERTIFICADO-RAD.pdf\" target=\"_self\" style='font-size: 16px;' class=\"vamtam-button accent1  button-filled hover-accent1 \"><span class=\"btext\" data-text=\"Descarga\">Descarga<\/span><\/a><\/div>\n<div class=\"wpv-grid grid-1-3  unextended animation-from-bottom animated-active no-extended-padding\" style=\"padding-top:0.05px;padding-bottom:0.05px;\" id=\"wpv-column-6088444a28e8bca8ba817a3792d6cfce\" ><p style=\"text-align: center;\"><img loading=\"lazy\" class=\"wp-image-10988 size-medium aligncenter\" src=\"https:\/\/mccomponentes.cl\/wp-content\/uploads\/2019\/12\/Logo-Enerpac-Negro--300x246.png\" alt=\"\" width=\"300\" height=\"246\" srcset=\"https:\/\/www.mccomponentes.cl\/wp-content\/uploads\/2019\/12\/Logo-Enerpac-Negro--300x246.png 300w, https:\/\/www.mccomponentes.cl\/wp-content\/uploads\/2019\/12\/Logo-Enerpac-Negro--768x631.png 768w, https:\/\/www.mccomponentes.cl\/wp-content\/uploads\/2019\/12\/Logo-Enerpac-Negro--800x657.png 800w, https:\/\/www.mccomponentes.cl\/wp-content\/uploads\/2019\/12\/Logo-Enerpac-Negro--615x505.png 615w, https:\/\/www.mccomponentes.cl\/wp-content\/uploads\/2019\/12\/Logo-Enerpac-Negro--400x329.png 400w, https:\/\/www.mccomponentes.cl\/wp-content\/uploads\/2019\/12\/Logo-Enerpac-Negro--292x240.png 292w, https:\/\/www.mccomponentes.cl\/wp-content\/uploads\/2019\/12\/Logo-Enerpac-Negro--600x493.png 600w, https:\/\/www.mccomponentes.cl\/wp-content\/uploads\/2019\/12\/Logo-Enerpac-Negro-.png 986w\" sizes=\"(max-width: 300px) 100vw, 300px\" \/><\/p>\n<p style=\"text-align: center;\"><a href=\"https:\/\/mccomponentes.cl\/wp-content\/uploads\/2019\/10\/CERTIFICADO-ENERPAC.pdf\" target=\"_self\" style='font-size: 16px;' class=\"vamtam-button accent1  button-filled hover-accent1 \"><span class=\"btext\" data-text=\"Descarga\">Descarga<\/span><\/a><\/div><\/div><\/div><\/div><\/div>\n","protected":false},"excerpt":{"rendered":"<p>Reparaci\u00f3n y Mantenci\u00f3n de Equipos MC Componentes cuenta con servicio de Reparaci\u00f3n y Mantenci\u00f3n de una amplia gama de herramientas, hidr\u00e1ulicas,\u00a0neum\u00e1ticas, el\u00e9ctricas y electr\u00f3nicas. Nuestros principales clientes son empresas mineras, industriales, forestales entre otras. Un equipo multidisciplinario trabaja minuciosamente en la evaluaci\u00f3n de cada equipo, entregando un informe t\u00e9cnico y\u00a0posteriormente una certificaci\u00f3n de las herramientas&#8230;<\/p>\n","protected":false},"author":1,"featured_media":0,"parent":0,"menu_order":0,"comment_status":"closed","ping_status":"closed","template":"","meta":[],"yoast_head":"<!-- This site is optimized with the Yoast SEO plugin v15.6.2 - https:\/\/yoast.com\/wordpress\/plugins\/seo\/ -->\n<title>Servicio T\u00e9cnico - MC Componentes \/ 3ARM - ENERPAC<\/title>\n<meta name=\"robots\" content=\"index, follow, max-snippet:-1, max-image-preview:large, max-video-preview:-1\" \/>\n<link rel=\"canonical\" href=\"https:\/\/www.mccomponentes.cl\/index.php\/servicio-tecnico-2\/\" \/>\n<meta property=\"og:locale\" content=\"es_ES\" \/>\n<meta property=\"og:type\" content=\"article\" \/>\n<meta property=\"og:title\" content=\"Servicio T\u00e9cnico - MC Componentes \/ 3ARM - ENERPAC\" \/>\n<meta property=\"og:description\" content=\"Reparaci\u00f3n y Mantenci\u00f3n de Equipos MC Componentes cuenta con servicio de Reparaci\u00f3n y Mantenci\u00f3n de una amplia gama de herramientas, hidr\u00e1ulicas,\u00a0neum\u00e1ticas, el\u00e9ctricas y electr\u00f3nicas. Nuestros principales clientes son empresas mineras, industriales, forestales entre otras. Un equipo multidisciplinario trabaja minuciosamente en la evaluaci\u00f3n de cada equipo, entregando un informe t\u00e9cnico y\u00a0posteriormente una certificaci\u00f3n de las herramientas...\" \/>\n<meta property=\"og:url\" content=\"https:\/\/www.mccomponentes.cl\/index.php\/servicio-tecnico-2\/\" \/>\n<meta property=\"og:site_name\" content=\"MC Componentes \/ 3ARM - ENERPAC\" \/>\n<meta property=\"article:modified_time\" content=\"2020-09-28T20:14:42+00:00\" \/>\n<meta property=\"og:image\" content=\"http:\/\/www.mccomponentes.cl\/wp-content\/uploads\/2020\/09\/antes-y-despues-1-300x265.png\" \/>\n<meta name=\"twitter:card\" content=\"summary_large_image\" \/>\n<meta name=\"twitter:label1\" content=\"Tiempo de lectura\">\n\t<meta name=\"twitter:data1\" content=\"2 minutos\">\n<script type=\"application\/ld+json\" class=\"yoast-schema-graph\">{\"@context\":\"https:\/\/schema.org\",\"@graph\":[{\"@type\":\"Organization\",\"@id\":\"https:\/\/www.mccomponentes.cl\/#organization\",\"name\":\"Mc Componentes\",\"url\":\"https:\/\/www.mccomponentes.cl\/\",\"sameAs\":[],\"logo\":{\"@type\":\"ImageObject\",\"@id\":\"https:\/\/www.mccomponentes.cl\/#logo\",\"inLanguage\":\"es\",\"url\":\"https:\/\/www.mccomponentes.cl\/wp-content\/uploads\/2020\/08\/Logo-mc-componentes.jpg\",\"width\":2125,\"height\":497,\"caption\":\"Mc Componentes\"},\"image\":{\"@id\":\"https:\/\/www.mccomponentes.cl\/#logo\"}},{\"@type\":\"WebSite\",\"@id\":\"https:\/\/www.mccomponentes.cl\/#website\",\"url\":\"https:\/\/www.mccomponentes.cl\/\",\"name\":\"MC Componentes \/ 3ARM - ENERPAC\",\"description\":\"\",\"publisher\":{\"@id\":\"https:\/\/www.mccomponentes.cl\/#organization\"},\"potentialAction\":[{\"@type\":\"SearchAction\",\"target\":\"https:\/\/www.mccomponentes.cl\/?s={search_term_string}\",\"query-input\":\"required name=search_term_string\"}],\"inLanguage\":\"es\"},{\"@type\":\"ImageObject\",\"@id\":\"https:\/\/www.mccomponentes.cl\/index.php\/servicio-tecnico-2\/#primaryimage\",\"inLanguage\":\"es\",\"url\":\"http:\/\/www.mccomponentes.cl\/wp-content\/uploads\/2020\/09\/antes-y-despues-1-300x265.png\"},{\"@type\":\"WebPage\",\"@id\":\"https:\/\/www.mccomponentes.cl\/index.php\/servicio-tecnico-2\/#webpage\",\"url\":\"https:\/\/www.mccomponentes.cl\/index.php\/servicio-tecnico-2\/\",\"name\":\"Servicio T\\u00e9cnico - MC Componentes \/ 3ARM - ENERPAC\",\"isPartOf\":{\"@id\":\"https:\/\/www.mccomponentes.cl\/#website\"},\"primaryImageOfPage\":{\"@id\":\"https:\/\/www.mccomponentes.cl\/index.php\/servicio-tecnico-2\/#primaryimage\"},\"datePublished\":\"2019-10-30T00:21:08+00:00\",\"dateModified\":\"2020-09-28T20:14:42+00:00\",\"inLanguage\":\"es\",\"potentialAction\":[{\"@type\":\"ReadAction\",\"target\":[\"https:\/\/www.mccomponentes.cl\/index.php\/servicio-tecnico-2\/\"]}]}]}<\/script>\n<!-- \/ Yoast SEO plugin. -->","_links":{"self":[{"href":"https:\/\/www.mccomponentes.cl\/index.php\/wp-json\/wp\/v2\/pages\/10777"}],"collection":[{"href":"https:\/\/www.mccomponentes.cl\/index.php\/wp-json\/wp\/v2\/pages"}],"about":[{"href":"https:\/\/www.mccomponentes.cl\/index.php\/wp-json\/wp\/v2\/types\/page"}],"author":[{"embeddable":true,"href":"https:\/\/www.mccomponentes.cl\/index.php\/wp-json\/wp\/v2\/users\/1"}],"replies":[{"embeddable":true,"href":"https:\/\/www.mccomponentes.cl\/index.php\/wp-json\/wp\/v2\/comments?post=10777"}],"version-history":[{"count":37,"href":"https:\/\/www.mccomponentes.cl\/index.php\/wp-json\/wp\/v2\/pages\/10777\/revisions"}],"predecessor-version":[{"id":11141,"href":"https:\/\/www.mccomponentes.cl\/index.php\/wp-json\/wp\/v2\/pages\/10777\/revisions\/11141"}],"wp:attachment":[{"href":"https:\/\/www.mccomponentes.cl\/index.php\/wp-json\/wp\/v2\/media?parent=10777"}],"curies":[{"name":"wp","href":"https:\/\/api.w.org\/{rel}","templated":true}]}}